{"id":11,"date":"2021-02-27T14:40:05","date_gmt":"2021-02-27T14:40:05","guid":{"rendered":"http:\/\/pieszo.waw.pl\/?page_id=11"},"modified":"2025-06-24T20:38:26","modified_gmt":"2025-06-24T19:38:26","slug":"pieszo-waw-pl","status":"publish","type":"page","link":"https:\/\/pieszo.waw.pl\/","title":{"rendered":"PIESZO.WAW.PL"},"content":{"rendered":"\n<p><\/p>\n\n\n\n<figure class=\"wp-block-image size-large\"><img loading=\"lazy\" width=\"1024\" height=\"980\" src=\"http:\/\/pieszo.waw.pl\/wp-content\/uploads\/2023\/02\/65-lat-K.T.Srodm_.-1024x980.jpg\" alt=\"\" class=\"wp-image-1551\" srcset=\"https:\/\/pieszo.waw.pl\/wp-content\/uploads\/2023\/02\/65-lat-K.T.Srodm_.-1024x980.jpg 1024w, https:\/\/pieszo.waw.pl\/wp-content\/uploads\/2023\/02\/65-lat-K.T.Srodm_.-300x287.jpg 300w, https:\/\/pieszo.waw.pl\/wp-content\/uploads\/2023\/02\/65-lat-K.T.Srodm_.-768x735.jpg 768w, https:\/\/pieszo.waw.pl\/wp-content\/uploads\/2023\/02\/65-lat-K.T.Srodm_.-1536x1470.jpg 1536w, https:\/\/pieszo.waw.pl\/wp-content\/uploads\/2023\/02\/65-lat-K.T.Srodm_.-1200x1149.jpg 1200w, https:\/\/pieszo.waw.pl\/wp-content\/uploads\/2023\/02\/65-lat-K.T.Srodm_.-rotated.jpg 1708w\" sizes=\"(max-width: 1024px) 100vw, 1024px\" \/><\/figure>\n\n\n\n<div class=\"wp-block-columns alignwide\">\n<div class=\"wp-block-column\">\n<div class=\"wp-block-group has-background-color has-text-color has-background\" style=\"background-color:#c6a81e\"><div class=\"wp-block-group__inner-container\">\n<h3 class=\"has-text-align-center\">Gdzie w\u0119drujemy<\/h3>\n\n\n\n<p><a href=\"http:\/\/pieszo.waw.pl\/index.php\/imprezy-kola-srodmiescie\/\" data-type=\"page\" data-id=\"219\">Imprezy Ko\u0142a Terenowego \u201e\u015aR\u00d3DMIE\u015aCIE\u201d<\/a><\/p>\n\n\n\n<p><a href=\"http:\/\/pieszo.waw.pl\/index.php\/imprezy-komisji-turystyki-narciarskiej\/\" data-type=\"page\" data-id=\"221\">Imprezy Komisji Turystyki Narciarskiej<\/a><\/p>\n\n\n\n<p><a href=\"http:\/\/pieszo.waw.pl\/index.php\/propozycje-wyjazdow-kolezenskich\/\" data-type=\"page\" data-id=\"493\">Propozycje wyjazd\u00f3w \u201ekole\u017ce\u0144skich\u201d<\/a><\/p>\n\n\n\n<div class=\"wp-block-buttons is-content-justification-center\">\n<div class=\"wp-block-button is-style-outline\"><a class=\"wp-block-button__link has-background-color has-text-color\" href=\"http:\/\/pieszo.waw.pl\/index.php\/imprezy-kola-srodmiescie\/\">Czytaj wi\u0119cej<\/a><\/div>\n<\/div>\n\n\n\n<p class=\"has-text-align-center\">Tu dowiecie si\u0119 gdzie, i w jak spos\u00f3b wybieramy si\u0119 na nasze wycieczki, co jest dla nas wa\u017cne, i co ceni\u0105 sobie ich uczestnicy.<\/p>\n\n\n\n<p><\/p>\n<\/div><\/div>\n<\/div>\n\n\n\n<div class=\"wp-block-column\">\n<div class=\"wp-block-group has-accent-background-color has-background\"><div class=\"wp-block-group__inner-container\">\n<h3 class=\"has-text-align-center\">Nasi Przodownicy<\/h3>\n\n\n\n<div class=\"wp-block-buttons is-content-justification-center\">\n<div class=\"wp-block-button is-style-outline\"><a class=\"wp-block-button__link has-background-color has-text-color\" href=\"http:\/\/pieszo.waw.pl\/index.php\/nasi-przodownicy\/\">czytaj wi\u0119cej<\/a><\/div>\n<\/div>\n\n\n\n<p class=\"has-text-align-center\">Tu dowiecie si\u0119,  kto przygotowuje dla Was propozycje wycieczek, i kto j\u0105 poprowadzi w terminie zg\u0142oszonym do kalendarza imprez turystycznych.<\/p>\n<\/div><\/div>\n<\/div>\n<\/div>\n\n\n\n<div class=\"wp-block-columns alignwide\">\n<div class=\"wp-block-column\">\n<div class=\"wp-block-group has-accent-background-color has-background\"><div class=\"wp-block-group__inner-container\">\n<h3 class=\"has-text-align-center\">Kolorowe Mazowsze<\/h3>\n\n\n\n<div class=\"wp-block-buttons is-content-justification-center\">\n<div class=\"wp-block-button is-style-outline\"><a class=\"wp-block-button__link has-background-color has-text-color\" href=\"http:\/\/kolorowemazowsze.blogspot.com\/\" target=\"_blank\" rel=\"noreferrer noopener\">Czytaj wi\u0119CEJ<\/a><\/div>\n<\/div>\n\n\n\n<p class=\"has-text-align-center\">Tu mo\u017cecie zapozna\u0107 si\u0119 z blogiem Kolorowe Mazowsze<\/p>\n<\/div><\/div>\n<\/div>\n\n\n\n<div class=\"wp-block-column\">\n<div id=\"-c6a81e\" class=\"wp-block-group has-background\" style=\"background-color:#c6a81e\"><div class=\"wp-block-group__inner-container\">\n<h3 class=\"has-text-align-center has-background-color has-text-color\">Lubimy si\u0119<\/h3>\n\n\n\n<div class=\"wp-block-buttons is-content-justification-center\">\n<div class=\"wp-block-button is-style-outline\"><a class=\"wp-block-button__link has-background-color has-text-color\" href=\"http:\/\/pieszo.waw.pl\/index.php\/lubimy-sie\/\">czytaj wi\u0119cej<\/a><\/div>\n<\/div>\n\n\n\n<p class=\"has-text-align-center has-background-color has-text-color\">Zobaczcie, z kim si\u0119 znamy i lubimy.<\/p>\n<\/div><\/div>\n<\/div>\n<\/div>\n\n\n\n<div class=\"wp-block-cover alignfull has-background-dim-20 has-background-background-color has-background-dim has-parallax is-position-center-center\" style=\"background-image:url(http:\/\/pieszo.waw.pl\/wp-content\/uploads\/2021\/03\/1-jasny.png);min-height:180px\"><div class=\"wp-block-cover__inner-container\">\n<p class=\"has-text-align-center has-background-color has-text-color\" style=\"font-size:45px;line-height:1.1\">B\u0105d\u017a widoczny na drodze<\/p>\n<\/div><\/div>\n\n\n\n<div class=\"wp-block-columns alignwide\">\n<div class=\"wp-block-column\">\n<div class=\"wp-block-group has-accent-background-color has-background\"><div class=\"wp-block-group__inner-container\">\n<h3 class=\"has-text-align-center\">Nasze \u015bwi\u0119ta<\/h3>\n\n\n\n<div class=\"wp-block-buttons is-content-justification-center\">\n<div class=\"wp-block-button is-style-outline\"><a class=\"wp-block-button__link has-background-color has-text-color\" href=\"http:\/\/pieszo.waw.pl\/index.php\/nasze-swieta\/\">Czytaj wi\u0119cej<\/a><\/div>\n<\/div>\n\n\n\n<p class=\"has-text-align-center\">Tu dowiecie si\u0119, \u017ce opr\u00f3cz wsp\u00f3lnych, nawet tradycyjnych w\u0119dr\u00f3wek, sp\u0119dzamy r\u00f3wnie\u017c czas podczas cyklicznych imprez o tzw. charakterze Ko\u0142owym.<\/p>\n<\/div><\/div>\n<\/div>\n\n\n\n<div class=\"wp-block-column\">\n<div class=\"wp-block-group has-background\" style=\"background-color:#c6a81e\"><div class=\"wp-block-group__inner-container\">\n<h3 class=\"has-text-align-center has-background-color has-text-color\">Pami\u0119tamy<\/h3>\n\n\n\n<div class=\"wp-block-buttons is-content-justification-center\">\n<div class=\"wp-block-button is-style-outline\"><a class=\"wp-block-button__link has-background-color has-text-color\" href=\"http:\/\/pieszo.waw.pl\/index.php\/pamietamy\/\">czytaj wi\u0119cej<\/a><\/div>\n<\/div>\n\n\n\n<p class=\"has-text-align-center has-background-color has-text-color\">Pami\u0119tamy, \u017ce by\u0142 taki czas, kiedy w\u0119drowali\u015bmy razem.  Przypominamy Wam sylwetki naszych Kole\u017canek i Koleg\u00f3w, a tak\u017ce wskazujemy miejsca ich spoczynku.<\/p>\n<\/div><\/div>\n<\/div>\n<\/div>\n\n\n\n<div class=\"wp-block-columns alignwide\">\n<div class=\"wp-block-column\">\n<div class=\"wp-block-group has-background\" style=\"background-color:#c6a81e\"><div class=\"wp-block-group__inner-container\">\n<h3 class=\"has-text-align-center has-background-color has-text-color\">Zdobywaj Odznaki Turystyki Pieszej PTTK<\/h3>\n\n\n\n<div class=\"wp-block-buttons is-content-justification-center\">\n<div class=\"wp-block-button is-style-outline\"><a class=\"wp-block-button__link has-background-color has-text-color\" href=\"http:\/\/ktpzg.pttk.pl\/\" target=\"_blank\" rel=\"noreferrer noopener\">Czytaj wi\u0119cej<\/a><\/div>\n<\/div>\n\n\n\n<p class=\"has-text-align-center has-background-color has-text-color\">Tu dowiecie si\u0119 wszystkiego o turystyce pieszej w PTTK i zdobywaniu Odznak Turystyki Pieszej.<\/p>\n<\/div><\/div>\n\n\n\n<p><\/p>\n<\/div>\n\n\n\n<div class=\"wp-block-column\">\n<div class=\"wp-block-group has-accent-background-color has-background\"><div class=\"wp-block-group__inner-container\">\n<h3 class=\"has-text-align-center\">Szlaki turystyczne Mazowsza (aplikacja)<\/h3>\n\n\n\n<div class=\"wp-block-buttons is-content-justification-center\">\n<div class=\"wp-block-button is-style-outline\"><a class=\"wp-block-button__link has-background-color has-text-color\" href=\"https:\/\/mazowsze.szlaki.pttk.pl\/\" target=\"_blank\" rel=\"noreferrer noopener\">Czytaj dalej<\/a><\/div>\n<\/div>\n\n\n\n<p class=\"has-text-align-center\">Tu dowiecie si\u0119 o aplikacji PTTK &#8222;Szlaki turystyczne Mazowsza&#8221;<\/p>\n<\/div><\/div>\n\n\n\n<p><\/p>\n<\/div>\n<\/div>\n\n\n\n<div class=\"wp-block-cover alignfull has-background-dim-30 has-background-background-color has-background-dim has-parallax is-position-center-center\" style=\"background-image:url(http:\/\/pieszo.waw.pl\/wp-content\/uploads\/2021\/03\/1-jasny.png);min-height:180px\"><div class=\"wp-block-cover__inner-container\">\n<p class=\"has-text-align-center has-text-color\" style=\"color:#fffffa;font-size:45px;line-height:1.1\">Uwaga pieszy !<\/p>\n<\/div><\/div>\n\n\n\n<p><\/p>\n","protected":false},"excerpt":{"rendered":"","protected":false},"author":1,"featured_media":803,"parent":0,"menu_order":0,"comment_status":"closed","ping_status":"closed","template":"","meta":[],"_links":{"self":[{"href":"https:\/\/pieszo.waw.pl\/index.php\/wp-json\/wp\/v2\/pages\/11"}],"collection":[{"href":"https:\/\/pieszo.waw.pl\/index.php\/wp-json\/wp\/v2\/pages"}],"about":[{"href":"https:\/\/pieszo.waw.pl\/index.php\/wp-json\/wp\/v2\/types\/page"}],"author":[{"embeddable":true,"href":"https:\/\/pieszo.waw.pl\/index.php\/wp-json\/wp\/v2\/users\/1"}],"replies":[{"embeddable":true,"href":"https:\/\/pieszo.waw.pl\/index.php\/wp-json\/wp\/v2\/comments?post=11"}],"version-history":[{"count":170,"href":"https:\/\/pieszo.waw.pl\/index.php\/wp-json\/wp\/v2\/pages\/11\/revisions"}],"predecessor-version":[{"id":2020,"href":"https:\/\/pieszo.waw.pl\/index.php\/wp-json\/wp\/v2\/pages\/11\/revisions\/2020"}],"wp:featuredmedia":[{"embeddable":true,"href":"https:\/\/pieszo.waw.pl\/index.php\/wp-json\/wp\/v2\/media\/803"}],"wp:attachment":[{"href":"https:\/\/pieszo.waw.pl\/index.php\/wp-json\/wp\/v2\/media?parent=11"}],"curies":[{"name":"wp","href":"https:\/\/api.w.org\/{rel}","templated":true}]}}